{"id":8,"date":"2021-06-17T17:30:07","date_gmt":"2021-06-17T20:30:07","guid":{"rendered":"http:\/\/newalltec.com.br\/?page_id=8"},"modified":"2021-06-18T13:36:51","modified_gmt":"2021-06-18T16:36:51","slug":"sobre","status":"publish","type":"page","link":"https:\/\/newalltec.com.br\/?page_id=8","title":{"rendered":"Sobre"},"content":{"rendered":"<div class=\"style-192 style-local-8-c1 position-relative\" data-colibri-id=\"8-c1\">&nbsp;<\/div>\n\n\n<h2 class=\"wp-block-heading\">New All Tec, a sua solu\u00e7\u00e3o.<\/h2>\n\n\n\n<figure class=\"wp-block-pullquote alignleft\"><blockquote><p><strong><span class=\"has-inline-color has-black-color\">Desenvolvemos Hardwares, firmwares e softwares integrados ou independente.<\/span><\/strong><\/p><p><strong><span class=\"has-inline-color has-black-color\">Criamos solu\u00e7\u00f5es em eletr\u00f4nica e software para nossos clientes, conforme suas necessidades.<\/span><\/strong><\/p><p><strong><span class=\"has-inline-color has-black-color\"><a href=\"https:\/\/newalltec.com.br\/?page_id=9\">Consulte-nos para um or\u00e7amento.<\/a><\/span><\/strong><\/p><\/blockquote><\/figure>\n","protected":false},"excerpt":{"rendered":"<p>&nbsp; New All Tec, a sua solu\u00e7\u00e3o. Desenvolvemos Hardwares, firmwares e softwares integrados ou independente. Criamos solu\u00e7\u00f5es em eletr\u00f4nica e software para nossos clientes, conforme suas necessidades. Consulte-nos para um or\u00e7amento.<\/p>\n","protected":false},"author":1,"featured_media":0,"parent":26,"menu_order":0,"comment_status":"closed","ping_status":"closed","template":"","meta":{"footnotes":""},"class_list":["post-8","page","type-page","status-publish","hentry"],"_links":{"self":[{"href":"https:\/\/newalltec.com.br\/index.php?rest_route=\/wp\/v2\/pages\/8","targetHints":{"allow":["GET"]}}],"collection":[{"href":"https:\/\/newalltec.com.br\/index.php?rest_route=\/wp\/v2\/pages"}],"about":[{"href":"https:\/\/newalltec.com.br\/index.php?rest_route=\/wp\/v2\/types\/page"}],"author":[{"embeddable":true,"href":"https:\/\/newalltec.com.br\/index.php?rest_route=\/wp\/v2\/users\/1"}],"replies":[{"embeddable":true,"href":"https:\/\/newalltec.com.br\/index.php?rest_route=%2Fwp%2Fv2%2Fcomments&post=8"}],"version-history":[{"count":19,"href":"https:\/\/newalltec.com.br\/index.php?rest_route=\/wp\/v2\/pages\/8\/revisions"}],"predecessor-version":[{"id":231,"href":"https:\/\/newalltec.com.br\/index.php?rest_route=\/wp\/v2\/pages\/8\/revisions\/231"}],"up":[{"embeddable":true,"href":"https:\/\/newalltec.com.br\/index.php?rest_route=\/wp\/v2\/pages\/26"}],"wp:attachment":[{"href":"https:\/\/newalltec.com.br\/index.php?rest_route=%2Fwp%2Fv2%2Fmedia&parent=8"}],"curies":[{"name":"wp","href":"https:\/\/api.w.org\/{rel}","templated":true}]}}